{"id":867,"date":"2022-02-21T10:09:53","date_gmt":"2022-02-21T10:09:53","guid":{"rendered":"https:\/\/cosmolife.it\/?product=e-smog-chip-wearable-fur-smartwatch-bt-kopfhorer-etc"},"modified":"2026-01-20T01:34:53","modified_gmt":"2026-01-19T23:34:53","slug":"e-smog-chip-wearable-fuer-smartwatch-bt-kopfhoerer-etc","status":"publish","type":"product","link":"https:\/\/www.cosmolife.it\/de\/prodotto\/e-smog-chip-wearable-fuer-smartwatch-bt-kopfhoerer-etc\/","title":{"rendered":"E-Smog Chip Wearables (f\u00fcr Smartwatches, BT-Headsets usw.)"},"content":{"rendered":"<h2><strong>Unsichtbarer Schutz f\u00fcr Ihren K\u00f6rper - wo immer Sie sind<\/strong><\/h2>\n<p>Heutzutage ist technisches Zubeh\u00f6r ein Teil unseres Lebens: Smartwatches, Fitness-Tracker, Bluetooth-Headsets, kabellose Kopfh\u00f6rer.<br \/>\nBequem, praktisch, modern - aber immer verbunden und immer <strong>nah am K\u00f6rper<\/strong>.<\/p>\n<p>Diese tragbaren Ger\u00e4te senden st\u00e4ndig elektromagnetische Wellen aus, oft in der N\u00e4he von empfindlichen Bereichen wie dem Kopf, dem Herzen oder den Handgelenken.<br \/>\nDie Folge? M\u00fcdigkeit, Schlafst\u00f6rungen, subtile Angstzust\u00e4nde, Konzentrationsverlust. <\/p>\n<p>Aus diesem Grund wurde der<strong>E-Smog-Chip Wearables<\/strong> entwickelt -<br \/>\nein spezieller Schutz f\u00fcr <strong>alle tragbaren Ger\u00e4te<\/strong>, der die Strahlung direkt am K\u00f6rper neutralisiert.<\/p>\n<h2>Tragen Sie Technologie - ohne Ihr Gleichgewicht aufzugeben<\/h2>\n<p>Der<strong>E-Smog-Chip Wearables<\/strong> wirkt auf der Quantenebene: er ver\u00e4ndert nicht die Funktionsweise des Ger\u00e4ts, sondern <strong>harmonisiert<\/strong> sein <strong>feinstoffliches Feld.<\/strong><\/p>\n<p>So <strong>geht<\/strong> Ihr K\u00f6rper <strong>nicht mehr mit sch\u00e4dlichen Frequenzen in Resonanz<\/strong>, sondern bleibt entspannt und stabil.<\/p>\n<p>Perfekt f\u00fcr alle, die:<\/p>\n<ul>\n<li>Sport treiben mit vernetzten Ger\u00e4ten<\/li>\n<li>benutzt den ganzen Tag kabellose Kopfh\u00f6rer<\/li>\n<li>arbeitet in technologieintensiven Umgebungen<\/li>\n<\/ul>\n<p>???? Es wird direkt auf das Zubeh\u00f6r - wie das Headset-Geh\u00e4use oder die R\u00fcckseite der Smartwatch - aufgetragen und wirkt diskret, aber effektiv.<\/p>\n<p>Der E-Smog-Chip Wearables ist <strong>die neue Grenze des pers\u00f6nlichen Energieschutzes<\/strong> - f\u00fcr ein vernetztes, aber freies Leben.<\/p>\n","protected":false},"excerpt":{"rendered":"<h3><strong>5 Hauptvorteile von E-Smog-Chip Wearables:<\/strong><\/h3>\n<ol>\n<li>Reduziert die Produktion von Stresshormonen in Gegenwart von Wellen<\/li>\n<li>Mikrowellen haften nicht im Blut<\/li>\n<li>Die elektromagnetische Belastung in K\u00f6rpern\u00e4he wird deutlich reduziert<\/li>\n<li>Kompatibel mit <strong>allen Wearables<\/strong>: Smartwatches, Headsets, etc.<\/li>\n<li>Unterst\u00fctzt das energetische und nervliche Gleichgewicht auch in vernetzten Umgebungen<\/li>\n<\/ol>\n","protected":false},"featured_media":8955,"template":"","meta":{"_joinchat":[]},"product_brand":[135],"product_cat":[183],"product_tag":[],"class_list":{"0":"post-867","1":"product","2":"type-product","3":"status-publish","4":"has-post-thumbnail","6":"product_brand-cosmolife-de","7":"product_cat-e-smog-chip-1","9":"first","10":"instock","11":"taxable","12":"shipping-taxable","13":"purchasable","14":"product-type-simple"},"_links":{"self":[{"href":"https:\/\/www.cosmolife.it\/de\/wp-json\/wp\/v2\/product\/867","targetHints":{"allow":["GET"]}}],"collection":[{"href":"https:\/\/www.cosmolife.it\/de\/wp-json\/wp\/v2\/product"}],"about":[{"href":"https:\/\/www.cosmolife.it\/de\/wp-json\/wp\/v2\/types\/product"}],"wp:featuredmedia":[{"embeddable":true,"href":"https:\/\/www.cosmolife.it\/de\/wp-json\/wp\/v2\/media\/8955"}],"wp:attachment":[{"href":"https:\/\/www.cosmolife.it\/de\/wp-json\/wp\/v2\/media?parent=867"}],"wp:term":[{"taxonomy":"product_brand","embeddable":true,"href":"https:\/\/www.cosmolife.it\/de\/wp-json\/wp\/v2\/product_brand?post=867"},{"taxonomy":"product_cat","embeddable":true,"href":"https:\/\/www.cosmolife.it\/de\/wp-json\/wp\/v2\/product_cat?post=867"},{"taxonomy":"product_tag","embeddable":true,"href":"https:\/\/www.cosmolife.it\/de\/wp-json\/wp\/v2\/product_tag?post=867"}],"curies":[{"name":"wp","href":"https:\/\/api.w.org\/{rel}","templated":true}]}}