{"id":873,"date":"2023-02-28T15:04:15","date_gmt":"2023-02-28T15:04:15","guid":{"rendered":"https:\/\/cosmolife.it\/?product=5g-balance-chip-5-1-gratis"},"modified":"2026-01-20T01:34:51","modified_gmt":"2026-01-19T23:34:51","slug":"5g-balance-chip-51-gratis-1","status":"publish","type":"product","link":"https:\/\/www.cosmolife.it\/de\/prodotto\/5g-balance-chip-51-gratis-1\/","title":{"rendered":"5G-Balance Chip 5+1 frei"},"content":{"rendered":"<p>Der <strong>5G Balance Chip<\/strong> ist eine neue quantenphysikalische Entwicklung zur subtilen Harmonisierung von 5G-Mobilfunkstrahlung. Er bietet eine bioenergetische Harmonisierung gegen die Auswirkungen der 5G-Strahlung in einem Radius von bis zu 2 Metern um das Mobiltelefon mit dem <strong>5G Balance<\/strong> Chip, wie beim Biochip. <\/p>\n<p><strong>Weitere Informationen:<\/strong><\/p>\n<p>In einer sehr langen Reihe von Experimenten ist es gelungen, Mobiltelefone auf subtile Weise so zu informieren, dass die zur Harmonisierung erforderlichen subtilen 5G-Informationen \u00fcber ein Mobiltelefon \u00fcbertragen werden k\u00f6nnen. Der <strong>5G-Balance Chip<\/strong> sorgt daf\u00fcr, dass das belastende feinstoffliche Energiemuster durch die 5G-Strahlung bioenergetisch so ver\u00e4ndert wird, dass es nicht mit den Zellen im K\u00f6rper von Lebewesen in Resonanz geht und sich nicht in ihnen manifestieren oder speichern kann. <\/p>\n<p>Anwendung: Der <strong>5G Balance Chip<\/strong> wird einfach am oder im Mobiltelefon angebracht. Effektive Reichweite: 2 Meter in alle Richtungen (kugelf\u00f6rmig) von dem Mobiltelefon aus, an dem der 5G Balance Chip befestigt ist. <\/p>\n<p>Abmessungen: 40mm x 20mm<\/p>\n<p><strong>WICHTIG:<\/strong> Der <strong>5G Balance Chip<\/strong> ist nur f\u00fcr die Harmonisierung gegen 5G-Strahlung ausgelegt. F\u00fcr eine optimale Rundum-Harmonisierung empfehlen wir, ihn mit dem <strong>Biochip<\/strong> f\u00fcr eine weitere Harmonisierung von 3G und 4G zu kombinieren. <\/p>\n<p>Wir bieten daher auch eine g\u00fcnstigere Variante an: das <strong><a href=\"https:\/\/www.cosmolife.it\/it\/prodotti-bioenergetici\/485-cosmolife-balance-chip-set.html\" target=\"_blank\" rel=\"noopener\">Cosmolife Balance Chip Set!<\/a><\/strong>!<\/p>\n","protected":false},"excerpt":{"rendered":"<div>\n<ul>\n<li>\n<h4>Sparpaket! 6 Chips f\u00fcr den Preis von 5! <\/h4>\n<\/li>\n<li><strong>harmonisiert die 5G-Strahlung<\/strong><\/li>\n<\/ul>\n<\/div>\n","protected":false},"featured_media":9272,"template":"","meta":{"_joinchat":[]},"product_brand":[135],"product_cat":[237,145,219],"product_tag":[],"class_list":{"0":"post-873","1":"product","2":"type-product","3":"status-publish","4":"has-post-thumbnail","6":"product_brand-cosmolife-de","7":"product_cat-5g-balance-chip-1","8":"product_cat-bioenergetik","9":"product_cat-sparpakete","11":"first","12":"instock","13":"taxable","14":"shipping-taxable","15":"purchasable","16":"product-type-simple"},"_links":{"self":[{"href":"https:\/\/www.cosmolife.it\/de\/wp-json\/wp\/v2\/product\/873","targetHints":{"allow":["GET"]}}],"collection":[{"href":"https:\/\/www.cosmolife.it\/de\/wp-json\/wp\/v2\/product"}],"about":[{"href":"https:\/\/www.cosmolife.it\/de\/wp-json\/wp\/v2\/types\/product"}],"wp:featuredmedia":[{"embeddable":true,"href":"https:\/\/www.cosmolife.it\/de\/wp-json\/wp\/v2\/media\/9272"}],"wp:attachment":[{"href":"https:\/\/www.cosmolife.it\/de\/wp-json\/wp\/v2\/media?parent=873"}],"wp:term":[{"taxonomy":"product_brand","embeddable":true,"href":"https:\/\/www.cosmolife.it\/de\/wp-json\/wp\/v2\/product_brand?post=873"},{"taxonomy":"product_cat","embeddable":true,"href":"https:\/\/www.cosmolife.it\/de\/wp-json\/wp\/v2\/product_cat?post=873"},{"taxonomy":"product_tag","embeddable":true,"href":"https:\/\/www.cosmolife.it\/de\/wp-json\/wp\/v2\/product_tag?post=873"}],"curies":[{"name":"wp","href":"https:\/\/api.w.org\/{rel}","templated":true}]}}