{"id":895,"date":"2026-03-01T00:00:43","date_gmt":"2026-02-28T22:00:43","guid":{"rendered":"https:\/\/cosmolife.it\/?product=angebot-4x-magnesiumol-1-magnesiumol-gratis"},"modified":"2026-04-15T17:30:44","modified_gmt":"2026-04-15T15:30:44","slug":"angebot-4x-magnesiumoel-1-magnesiumoel-gratis","status":"publish","type":"product","link":"https:\/\/www.cosmolife.it\/de\/prodotto\/angebot-4x-magnesiumoel-1-magnesiumoel-gratis\/","title":{"rendered":"ANGEBOT!!! 4x Magnesium\u00f6l + 1 GRATIS Magnesium\u00f6l!!!!"},"content":{"rendered":"<p><strong>Zechsal Magnesium\u00f6l - Nat\u00fcrliche transdermale Absorption<\/strong><\/p>\n<p>Zechsal Magnesium\u00f6l ist das Nonplusultra an Wirksamkeit und Reinheit, um den Magnesiumspiegel in den Zellen schnell wiederherzustellen. Es ist ideal, um Muskeln und Gelenken neue Spannkraft und Elastizit\u00e4t zu verleihen. Besonders n\u00fctzlich ist es bei der Erholung nach dem Sport, nach k\u00f6rperlicher Anstrengung, bei Rheuma, lokalen Schmerzen oder beim Restless-Leg-Syndrom (RLS). <\/p>\n<p>Seine einzigartige Formel kombiniert ultrareines Magnesiumchlorid, das aus dem antiken Meeresboden von Zechstein (Niederlande) gewonnen wird, mit kristallinem Wasser, wodurch eine \u00d6lemulsion mit sehr hoher Bioverf\u00fcgbarkeit entsteht. Dank seiner ionischen Form wird es leicht von der Haut aufgenommen und schnell vom K\u00f6rper assimiliert. <\/p>\n<p>Dank des praktischen Sprays einfach auf den ganzen K\u00f6rper aufzutragen: nur ein paar Spr\u00fchst\u00f6\u00dfe pro Tag oder nach Bedarf. Es wird sofort von der Haut aufgenommen und entfaltet sofort eine entspannende und regenerierende Wirkung. <\/p>\n<p><strong>Zutaten:<\/strong> Hochreines Zechstein-Magnesiumchlorid und kristallklares Wasser.<br \/>\n<strong>Rein. Wirksam. Nat\u00fcrlich.  <\/strong><\/p>\n","protected":false},"excerpt":{"rendered":"<p><strong>SONDERANGEBOT!<\/strong><br \/>\nKaufen Sie <strong>4 Flaschen Magnesium\u00f6l<\/strong> und erhalten Sie <strong>1 gratis<\/strong>!<br \/>\n 5<strong>zum Preis von 4!<\/strong><\/p>\n","protected":false},"featured_media":9021,"template":"","meta":{"_joinchat":[]},"product_brand":[],"product_cat":[221,197],"product_tag":[],"class_list":{"0":"post-895","1":"product","2":"type-product","3":"status-publish","4":"has-post-thumbnail","6":"product_cat-magnesiumoel","7":"product_cat-vitamine-1","9":"first","10":"instock","11":"sale","12":"taxable","13":"shipping-taxable","14":"purchasable","15":"product-type-simple"},"_links":{"self":[{"href":"https:\/\/www.cosmolife.it\/de\/wp-json\/wp\/v2\/product\/895","targetHints":{"allow":["GET"]}}],"collection":[{"href":"https:\/\/www.cosmolife.it\/de\/wp-json\/wp\/v2\/product"}],"about":[{"href":"https:\/\/www.cosmolife.it\/de\/wp-json\/wp\/v2\/types\/product"}],"wp:featuredmedia":[{"embeddable":true,"href":"https:\/\/www.cosmolife.it\/de\/wp-json\/wp\/v2\/media\/9021"}],"wp:attachment":[{"href":"https:\/\/www.cosmolife.it\/de\/wp-json\/wp\/v2\/media?parent=895"}],"wp:term":[{"taxonomy":"product_brand","embeddable":true,"href":"https:\/\/www.cosmolife.it\/de\/wp-json\/wp\/v2\/product_brand?post=895"},{"taxonomy":"product_cat","embeddable":true,"href":"https:\/\/www.cosmolife.it\/de\/wp-json\/wp\/v2\/product_cat?post=895"},{"taxonomy":"product_tag","embeddable":true,"href":"https:\/\/www.cosmolife.it\/de\/wp-json\/wp\/v2\/product_tag?post=895"}],"curies":[{"name":"wp","href":"https:\/\/api.w.org\/{rel}","templated":true}]}}