{"id":903,"date":"2023-10-30T16:50:57","date_gmt":"2023-10-30T16:50:57","guid":{"rendered":"https:\/\/cosmolife.it\/?product=cordyceps-plus-vitamin-c-60-kapseln"},"modified":"2026-01-20T01:34:45","modified_gmt":"2026-01-19T23:34:45","slug":"cordyceps-plus-vitamin-c-60-kapseln","status":"publish","type":"product","link":"https:\/\/www.cosmolife.it\/de\/prodotto\/cordyceps-plus-vitamin-c-60-kapseln\/","title":{"rendered":"Cordyceps plus Vitamin C - 60 Kapseln"},"content":{"rendered":"<div>\n<p><strong>Cordyceps<\/strong> ist ein Vitalpilz, der seit langem in der traditionellen chinesischen Medizin verwendet wird. Er ist f\u00fcr seine zahlreichen Anwendungen bekannt, die von der <strong>Verbesserung der<\/strong> <strong>sportlichen<\/strong> Leistung bis zur Unterst\u00fctzung der kognitiven F\u00e4higkeiten reichen. Dieser Pilz hat sich auch als starker Radikalf\u00e4nger erwiesen, der hilft, die sch\u00e4dlichen Auswirkungen freier Radikale auf unseren K\u00f6rper zu bek\u00e4mpfen.  <\/p>\n<p>Eine der St\u00e4rken des <strong>Cordyceps<\/strong> ist seine F\u00e4higkeit, als wirksame Erg\u00e4nzung bei depressiven Zust\u00e4nden zu wirken. Mehrere Vorstudien haben die Vorteile dieses Pilzes bei der Verbesserung der Stimmung und der <strong>Verringerung der<\/strong> Symptome von <strong>Depressionen und Angstzust\u00e4nden<\/strong> hervorgehoben <strong>.<\/strong> <\/p>\n<p>Au\u00dferdem wird der <strong>Cordyceps<\/strong>aufgrund seiner <strong>entz\u00fcndungshemmenden Eigenschaften<\/strong> und seiner F\u00e4higkeit, <strong>die Lungenfunktion<\/strong> zu verbessern, erfolgreich bei der Behandlung von Lungenerkrankungen wie Asthma eingesetzt. Dieser Pilz ist auch ein starker Immunmodulator, was bedeutet, dass <strong>er helfen kann, das Immunsystem zu st\u00e4rken und uns vor Krankheiten und Infektionen zu sch\u00fctzen.<\/strong><\/p>\n<p>Studien haben gezeigt, dass <strong>Cordyceps<\/strong> eine wichtige Rolle bei der<strong> Vorbeugung von Diabetes und Bluthochdruck<\/strong> spielen kann, zwei Krankheiten, die in der modernen Gesellschaft immer h\u00e4ufiger auftreten. Dieser Pilz kann helfen, den Blutzuckerspiegel zu regulieren und den Blutdruck unter Kontrolle zu halten. <\/p>\n<p><strong>Cordyceps<\/strong> kann nicht nur die k\u00f6rperliche Gesundheit verbessern, sondern auch ein wertvoller Verb\u00fcndeter <strong>f\u00fcr die sexuelle Gesundheit des Mannes<\/strong> sein. Vorl\u00e4ufige Studien deuten darauf hin, dass dieser Pilz als <strong>nat\u00fcrliches sexuelles Stimulans<\/strong>wirken und zur Verbesserung der m\u00e4nnlichen Fruchtbarkeit beitragen kann. <\/p>\n<p>Schlie\u00dflich kann der <strong>Cordyceps<\/strong> auch bei Haarausfall eingesetzt werden. Dieser Pilz kann das <strong>Haarwachstum<\/strong> f\u00f6rdern und die Gesundheit der Kopfhaut verbessern. <\/p>\n<p>Es ist wichtig zu betonen, dass trotz der bisherigen vielversprechenden Ergebnisse weitere Studien erforderlich sind, um die Wirkung von Cordyceps in allen Bereichen vollst\u00e4ndig zu best\u00e4tigen. Daher ist es ratsam, Cordyceps als Gesundheitserg\u00e4nzung und nicht als einzige Therapie zu betrachten. Es ist immer ratsam, einen Arzt zu konsultieren, bevor Sie Cordyceps in Kombination mit anderen Medikamenten einnehmen, um m\u00f6gliche Wechselwirkungen zu pr\u00fcfen.  <\/p>\n<p>Zusammenfassend l\u00e4sst sich sagen, dass der <strong>Cordyceps<\/strong> ein vielseitiger Pilz mit <strong>zahlreichen gesundheitlichen Vorteilen ist.<\/strong> Dank seiner historischen Verwendung in der traditionellen chinesischen Medizin und den vorl\u00e4ufigen Ergebnissen der modernen Forschung kann dieser Pilz ein wertvoller Verb\u00fcndeter sein, um die sportliche Leistung zu verbessern, die kognitiven F\u00e4higkeiten zu unterst\u00fctzen, freien Radikalen entgegenzuwirken, Depressionen, Lungenerkrankungen und Nierenproblemen zu begegnen, Diabetes und Bluthochdruck vorzubeugen, die m\u00e4nnliche Sexualit\u00e4t zu stimulieren und Haarausfall zu bek\u00e4mpfen.<\/p>\n<p><strong>Zutaten:<\/strong> Chinesischer Raupenpilzextrakt (Cordyceps sinesis), L-Calciumascorbat, Kapselh\u00fclle Hydroxypropylmethylcellulose<\/p>\n<p><strong>Zusammensetzung pro Tagesportion = 2 Kapseln<\/strong><\/p>\n<p><strong>Inhaltsstoffe Menge %NRV*<\/strong><\/p>\n<p>Vitamin C 176 mg 220<\/p>\n<p>Cordyceps sinensis Extrakt 800mg -<\/p>\n<p>davon Polysaccharide 240mg -<\/p>\n<p><span style=\"font-weight: 400;\">Quellen:<\/span><span style=\"font-weight: 400;\"><br \/>\n<\/span><a href=\"https:\/\/www.ncbi.nlm.nih.gov\/pmc\/articles\/PMC7356751\/\" target=\"_blank\" rel=\"noopener\"><span style=\"font-weight: 400;\">https:\/\/www.ncbi.nlm.nih.gov\/pmc\/articles\/PMC7356751\/<\/span><\/a><span style=\"font-weight: 400;\"> <\/span><\/p>\n<p><a href=\"https:\/\/www.ncbi.nlm.nih.gov\/books\/NBK92758\/\" target=\"_blank\" rel=\"noopener\"><span style=\"font-weight: 400;\">https:\/\/www.ncbi.nlm.nih.gov\/books\/NBK92758\/<\/span><\/a><span style=\"font-weight: 400;\">  <\/span><\/p>\n<p><a href=\"https:\/\/www.sciencedirect.com\/science\/article\/pii\/S102194981630182X?via%3Dihub#sec6\" target=\"_blank\" rel=\"noopener\"><span style=\"font-weight: 400;\">https:\/\/www.sciencedirect.com\/science\/article\/pii\/S102194981630182X?via%3Dihub#sec6<\/span><\/a><span style=\"font-weight: 400;\">  <\/span><\/p>\n<p><a href=\"https:\/\/pubmed.ncbi.nlm.nih.gov\/31337050\/\" target=\"_blank\" rel=\"noopener\"><span style=\"font-weight: 400;\">https:\/\/pubmed.ncbi.nlm.nih.gov\/31337050\/<\/span><\/a><span style=\"font-weight: 400;\"> <\/span><\/p>\n<p><a href=\"https:\/\/www.researchgate.net\/publication\/274595560_Supplemental_anti-fatigue_effects_of_Cordyceps_sinensis_Tochu-Kaso_extract_powder_during_three_stepwise_exercise_of_human\" target=\"_blank\" rel=\"noopener\"><span style=\"font-weight: 400;\">https:\/\/www.researchgate.net\/publication\/274595560_Supplemental_anti-fatigue_effects_of_Cordyceps_sinensis_Tochu-Kaso_extract_powder_during_three_stepwise_exercise_of_human<\/span><\/a><span style=\"font-weight: 400;\"> <\/span><\/p>\n<p><a href=\"http:\/\/europepmc.org\/article\/med\/25519252\" target=\"_blank\" rel=\"noopener\"><span style=\"font-weight: 400;\">http:\/\/europepmc.org\/article\/med\/25519252<\/span><\/a><span style=\"font-weight: 400;\"> <\/span><\/p>\n<p><a href=\"https:\/\/link.springer.com\/article\/10.1007\/BF02836405\" target=\"_blank\" rel=\"noopener\"><span style=\"font-weight: 400;\">https:\/\/link.springer.com\/article\/10.1007\/BF02836405<\/span><\/a><span style=\"font-weight: 400;\"> <\/span><\/p>\n<p><a href=\"https:\/\/pubmed.ncbi.nlm.nih.gov\/17972591\/\" target=\"_blank\" rel=\"noopener\"><span style=\"font-weight: 400;\">https:\/\/pubmed.ncbi.nlm.nih.gov\/17972591\/<\/span><\/a><span style=\"font-weight: 400;\"> <\/span><\/p>\n<\/div>\n","protected":false},"excerpt":{"rendered":"<p><strong>Die wichtigsten Funktionen:<\/strong><\/p>\n<ul>\n<li>verbesserte sportliche Leistung<\/li>\n<li>Verbesserung der kognitiven F\u00e4higkeiten<\/li>\n<li>als Mittel gegen freie Radikale<\/li>\n<li>als Erg\u00e4nzung bei depressiven Zust\u00e4nden<\/li>\n<li>bei Lungenkrankheiten wie Asthma<\/li>\n<li>als Immunmodulator<\/li>\n<li>bei Nierenerkrankungen<\/li>\n<li>zur Vorbeugung von Diabetes und Bluthochdruck<\/li>\n<li>bei Haarausfall<\/li>\n<\/ul>\n","protected":false},"featured_media":8889,"template":"","meta":{"_joinchat":[]},"product_brand":[135],"product_cat":[139,197],"product_tag":[],"class_list":{"0":"post-903","1":"product","2":"type-product","3":"status-publish","4":"has-post-thumbnail","6":"product_brand-cosmolife-de","7":"product_cat-ernaehrung","8":"product_cat-vitamine-1","10":"first","11":"instock","12":"taxable","13":"shipping-taxable","14":"purchasable","15":"product-type-simple"},"_links":{"self":[{"href":"https:\/\/www.cosmolife.it\/de\/wp-json\/wp\/v2\/product\/903","targetHints":{"allow":["GET"]}}],"collection":[{"href":"https:\/\/www.cosmolife.it\/de\/wp-json\/wp\/v2\/product"}],"about":[{"href":"https:\/\/www.cosmolife.it\/de\/wp-json\/wp\/v2\/types\/product"}],"wp:featuredmedia":[{"embeddable":true,"href":"https:\/\/www.cosmolife.it\/de\/wp-json\/wp\/v2\/media\/8889"}],"wp:attachment":[{"href":"https:\/\/www.cosmolife.it\/de\/wp-json\/wp\/v2\/media?parent=903"}],"wp:term":[{"taxonomy":"product_brand","embeddable":true,"href":"https:\/\/www.cosmolife.it\/de\/wp-json\/wp\/v2\/product_brand?post=903"},{"taxonomy":"product_cat","embeddable":true,"href":"https:\/\/www.cosmolife.it\/de\/wp-json\/wp\/v2\/product_cat?post=903"},{"taxonomy":"product_tag","embeddable":true,"href":"https:\/\/www.cosmolife.it\/de\/wp-json\/wp\/v2\/product_tag?post=903"}],"curies":[{"name":"wp","href":"https:\/\/api.w.org\/{rel}","templated":true}]}}