{"id":9040,"date":"2025-09-18T17:01:26","date_gmt":"2025-09-18T15:01:26","guid":{"rendered":"https:\/\/www.cosmolife.it\/?post_type=product&#038;p=9040"},"modified":"2026-03-30T08:35:48","modified_gmt":"2026-03-30T06:35:48","slug":"reishi-ling-zhi-180-kapseln-copia","status":"publish","type":"product","link":"https:\/\/www.cosmolife.it\/de\/prodotto\/reishi-ling-zhi-180-kapseln-copia\/","title":{"rendered":"Reishi-Ling Zhi 180cp 4+1 gratis"},"content":{"rendered":"<div>\n<h2 data-start=\"211\" data-end=\"295\">Ganoderma Lucidum: ein au\u00dfergew\u00f6hnlicher Pilz f\u00fcr Ihre Gesundheit und Ihr Wohlbefinden<\/h2>\n<p data-start=\"297\" data-end=\"604\">Ganoderma Lucidum, auch bekannt als Reishi oder Ling Zhi, ist ein Heilpilz, der aufgrund seiner vielen bedeutenden Eigenschaften weltweit gro\u00dfes Ansehen genie\u00dft. Dieser orientalische Pilz bietet eine breite Palette von perfekt ausgewogenen Substanzen, die synergetisch f\u00fcr das Wohlbefinden des menschlichen Organismus wirken.<\/p>\n<p data-start=\"606\" data-end=\"793\">In der Vergangenheit wurde sie in China und Japan wegen ihrer heilenden Kr\u00e4fte als Gottheit betrachtet. Heute werden diese Eigenschaften von der wissenschaftlichen Forschung und den Experten der Mykotherapie best\u00e4tigt.<\/p>\n<p data-start=\"795\" data-end=\"1177\">Ganoderma Lucidum ist sowohl ein heilendes als auch ein vorbeugendes Mittel, das geeignet ist, das komplexe Funktionieren unseres K\u00f6rpers zu unterst\u00fctzen. Dank seiner starken therapeutischen Wirkung ist der Ganoderma-Pilz besonders wirksam bei der Vorbeugung verschiedener Krankheiten, wie Herz-Kreislauf-Erkrankungen und Bluthochdruck. Er hilft auch bei der Senkung von Cholesterin und Triglyceriden.<\/p>\n<p data-start=\"1179\" data-end=\"1560\">Die Verwendung von Ganoderma Lucidum erweist sich als n\u00fctzlich und wirksam in einer Vielzahl von Situationen, darunter: Schlaflosigkeit, M\u00fcdigkeit, Stress, altersbedingte St\u00f6rungen, Leberprobleme, Arthritis, Magen\u00fcbers\u00e4uerung, Verdauungsschwierigkeiten, Allergien, Darmtr\u00e4gheit, Kopfschmerzen und Migr\u00e4ne, di\u00e4tetische Diabetes, hoher Cholesterinspiegel, Bluthochdruck, Autoimmunerkrankungen, Herzrhythmusst\u00f6rungen und Gewichtskontrolle.<\/p>\n<h3 data-start=\"1562\" data-end=\"1609\">Ein Weg zum Wohlbefinden, der Zeit braucht<\/h3>\n<p data-start=\"1611\" data-end=\"1924\">Da sich die Wirkung von Ganoderma Lucidum progressiv und tiefgreifend entfaltet, ist es ratsam, die <strong data-start=\"1726\" data-end=\"1759\">Behandlung \u00fcber einen l\u00e4ngeren Zeitraum<\/strong> durchzuf\u00fchren, um optimale und dauerhafte Ergebnisse zu erzielen. Bei regelm\u00e4\u00dfiger Einnahme kann der K\u00f6rper seine heilenden und vorbeugenden Eigenschaften voll aussch\u00f6pfen.<\/p>\n<p data-start=\"1926\" data-end=\"2196\">Aus diesem Grund bieten wir auch <strong data-start=\"1962\" data-end=\"2010\">ein kleineres Paket als Einstieg<\/strong> an, ideal f\u00fcr diejenigen, die diesen au\u00dfergew\u00f6hnlichen Pilz ausprobieren und allm\u00e4hlich einen Weg zum Wohlbefinden beginnen m\u00f6chten, mit der M\u00f6glichkeit, dann mit einer <strong data-start=\"2166\" data-end=\"2195\">l\u00e4ngeren und umfassenderen Kur<\/strong> fortzufahren.<\/p>\n<h3 data-start=\"2198\" data-end=\"2227\">Produkt-Informationen<\/h3>\n<p data-start=\"2229\" data-end=\"2453\">Eine Packung mit 180 Kapseln Ganoderma Lucidum-Extrakt ist ideal f\u00fcr die regelm\u00e4\u00dfige Einnahme und um von den vielen Vorteilen dieses au\u00dfergew\u00f6hnlichen Heilpilzes mit seinen heilenden und vorbeugenden Eigenschaften zu profitieren.<\/p>\n<p data-start=\"2455\" data-end=\"2603\"><strong data-start=\"2455\" data-end=\"2480\">Empfohlene Dosierung:<\/strong><br data-start=\"2480\" data-end=\"2483\" \/>1 Kapsel morgens vor den Mahlzeiten,<br data-start=\"2520\" data-end=\"2523\" \/>1 Kapsel mittags vor den Mahlzeiten<br data-start=\"2562\" data-end=\"2565\" \/>und 2 Kapseln abends vor den Mahlzeiten.<\/p>\n<p data-start=\"2605\" data-end=\"2745\"><strong data-start=\"2605\" data-end=\"2621\">Zutaten:<\/strong> Reishi-Pulver, Reishi-Extrakt, Kapselh\u00fclle: Hydroxypropylmethylcellulose, Lecithin, Acerola-Extrakt.<\/p>\n<p data-start=\"2747\" data-end=\"2799\"><strong data-start=\"2747\" data-end=\"2797\">Zusammensetzung pro Tagesdosis (6 Kapseln):<\/strong><\/p>\n<ul data-start=\"2800\" data-end=\"3018\">\n<li data-start=\"2800\" data-end=\"2869\">\n<p data-start=\"2802\" data-end=\"2869\">Acerola-Extrakt - 300 mg (davon Vitamin C 50 mg \/ 63% NRV*)<\/p>\n<\/li>\n<li data-start=\"2870\" data-end=\"2891\">\n<p data-start=\"2872\" data-end=\"2891\">Lecithin - 480 mg<\/p>\n<\/li>\n<li data-start=\"2892\" data-end=\"2922\">\n<p data-start=\"2894\" data-end=\"2922\">Reishi Pulver - 810 mg<\/p>\n<\/li>\n<li data-start=\"2923\" data-end=\"3018\">\n<p data-start=\"2925\" data-end=\"3018\">Reishi-Extrakt - 600 mg<br data-start=\"2952\" data-end=\"2955\" \/>(*% der Referenzmenge gem\u00e4\u00df VO (EU) NR.1169\/2011)<\/p>\n<\/li>\n<\/ul>\n<\/div>\n","protected":false},"excerpt":{"rendered":"<h3 data-start=\"559\" data-end=\"588\">5 au\u00dfergew\u00f6hnliche Eigenschaften<\/h3>\n<ul data-start=\"590\" data-end=\"914\">\n<li data-start=\"590\" data-end=\"657\">\n<p data-start=\"592\" data-end=\"657\">St\u00e4rkt das Immunsystem und stabilisiert die nat\u00fcrlichen Abwehrkr\u00e4fte<\/p>\n<\/li>\n<li data-start=\"658\" data-end=\"716\">\n<p data-start=\"660\" data-end=\"716\">Hat eine stark entz\u00fcndungshemmende und entgiftende Wirkung<\/p>\n<\/li>\n<li data-start=\"717\" data-end=\"789\">\n<p data-start=\"719\" data-end=\"789\">Unterst\u00fctzt das Herz-Kreislauf-System und senkt den Blutdruck<\/p>\n<\/li>\n<li data-start=\"790\" data-end=\"840\">\n<p data-start=\"792\" data-end=\"840\">Senkt den Cholesterin- und Triglyceridspiegel<\/p>\n<\/li>\n<li data-start=\"841\" data-end=\"914\">\n<p data-start=\"843\" data-end=\"914\">Verbessert den Schlaf, reduziert Stress und f\u00f6rdert das allgemeine Wohlbefinden<\/p>\n<\/li>\n<\/ul>\n","protected":false},"featured_media":0,"template":"","meta":{"_joinchat":[]},"product_brand":[],"product_cat":[197],"product_tag":[],"class_list":{"0":"post-9040","1":"product","2":"type-product","3":"status-publish","5":"product_cat-vitamine-1","7":"first","8":"instock","9":"sale","10":"taxable","11":"shipping-taxable","12":"purchasable","13":"product-type-simple"},"_links":{"self":[{"href":"https:\/\/www.cosmolife.it\/de\/wp-json\/wp\/v2\/product\/9040","targetHints":{"allow":["GET"]}}],"collection":[{"href":"https:\/\/www.cosmolife.it\/de\/wp-json\/wp\/v2\/product"}],"about":[{"href":"https:\/\/www.cosmolife.it\/de\/wp-json\/wp\/v2\/types\/product"}],"wp:attachment":[{"href":"https:\/\/www.cosmolife.it\/de\/wp-json\/wp\/v2\/media?parent=9040"}],"wp:term":[{"taxonomy":"product_brand","embeddable":true,"href":"https:\/\/www.cosmolife.it\/de\/wp-json\/wp\/v2\/product_brand?post=9040"},{"taxonomy":"product_cat","embeddable":true,"href":"https:\/\/www.cosmolife.it\/de\/wp-json\/wp\/v2\/product_cat?post=9040"},{"taxonomy":"product_tag","embeddable":true,"href":"https:\/\/www.cosmolife.it\/de\/wp-json\/wp\/v2\/product_tag?post=9040"}],"curies":[{"name":"wp","href":"https:\/\/api.w.org\/{rel}","templated":true}]}}