{"id":907,"date":"2024-03-26T09:43:35","date_gmt":"2024-03-26T09:43:35","guid":{"rendered":"https:\/\/cosmolife.it\/?product=entgiftungskur-60tage"},"modified":"2026-01-20T01:34:43","modified_gmt":"2026-01-19T23:34:43","slug":"entgiftungskur-60tage","status":"publish","type":"product","link":"https:\/\/www.cosmolife.it\/de\/prodotto\/entgiftungskur-60tage\/","title":{"rendered":"60 Tage Entgiftungskur f\u00fcr den K\u00f6rper"},"content":{"rendered":"<p>Mit diesem Paket haben Sie alles, was Sie f\u00fcr eine K\u00f6rperreinigung brauchen.<\/p>\n<p>- Warmpatch: f\u00fcr die Entgiftung durch das Lymphsystem.<br \/>\n- Zeolith: f\u00fcr die Entgiftung von Schwermetallen \u00fcber den Darm.<br \/>\n- Leber-\/Scheibenformel: unterst\u00fctzend bei Leberentz\u00fcndungen bis hin zu Lebersch\u00e4den, zur Anregung des Gallenflusses und vorbeugend bei Gallensteinen empfohlen.<\/p>\n","protected":false},"excerpt":{"rendered":"<p>-Warmpatch 30+10<\/p>\n<p>-Zeolith 300gr<\/p>\n<p>-2x Leber\/Galle Formel 120 Kapseln<\/p>\n<p><strong>12 Euro Ersparnis<\/strong><\/p>\n","protected":false},"featured_media":9000,"template":"","meta":{"_joinchat":[]},"product_brand":[135],"product_cat":[153,139,157,219,197],"product_tag":[],"class_list":{"0":"post-907","1":"product","2":"type-product","3":"status-publish","4":"has-post-thumbnail","6":"product_brand-cosmolife-de","7":"product_cat-behandlung","8":"product_cat-ernaehrung","9":"product_cat-schoenheit","10":"product_cat-sparpakete","11":"product_cat-vitamine-1","13":"first","14":"instock","15":"taxable","16":"shipping-taxable","17":"purchasable","18":"product-type-simple"},"_links":{"self":[{"href":"https:\/\/www.cosmolife.it\/de\/wp-json\/wp\/v2\/product\/907","targetHints":{"allow":["GET"]}}],"collection":[{"href":"https:\/\/www.cosmolife.it\/de\/wp-json\/wp\/v2\/product"}],"about":[{"href":"https:\/\/www.cosmolife.it\/de\/wp-json\/wp\/v2\/types\/product"}],"wp:featuredmedia":[{"embeddable":true,"href":"https:\/\/www.cosmolife.it\/de\/wp-json\/wp\/v2\/media\/9000"}],"wp:attachment":[{"href":"https:\/\/www.cosmolife.it\/de\/wp-json\/wp\/v2\/media?parent=907"}],"wp:term":[{"taxonomy":"product_brand","embeddable":true,"href":"https:\/\/www.cosmolife.it\/de\/wp-json\/wp\/v2\/product_brand?post=907"},{"taxonomy":"product_cat","embeddable":true,"href":"https:\/\/www.cosmolife.it\/de\/wp-json\/wp\/v2\/product_cat?post=907"},{"taxonomy":"product_tag","embeddable":true,"href":"https:\/\/www.cosmolife.it\/de\/wp-json\/wp\/v2\/product_tag?post=907"}],"curies":[{"name":"wp","href":"https:\/\/api.w.org\/{rel}","templated":true}]}}