{"id":9123,"date":"2025-10-02T11:41:19","date_gmt":"2025-10-02T09:41:19","guid":{"rendered":"https:\/\/www.cosmolife.it\/?post_type=product&#038;p=9123"},"modified":"2025-10-15T09:17:36","modified_gmt":"2025-10-15T07:17:36","slug":"zeolith-100gr-pulver-nf-41","status":"publish","type":"product","link":"https:\/\/www.cosmolife.it\/de\/prodotto\/zeolith-100gr-pulver-nf-41\/","title":{"rendered":"Zeolith 100 g (NF) 4+1"},"content":{"rendered":"<div>\n<div class=\"rte\">\n<p data-start=\"519\" data-end=\"603\"><strong data-start=\"519\" data-end=\"601\">ZEOLITE - die Kraft des &#8222;hei\u00dfen Steins&#8220; f\u00fcr Reinigung und Gleichgewicht<\/strong><\/p>\n<p data-start=\"605\" data-end=\"866\">Zeolith ist ein nat\u00fcrliches Mineralpulver, das aus dem Zusammentreffen von Lava und Meerwasser entsteht. Dank seiner speziellen Wabenstruktur wirkt es wie ein Magnet: Es bindet Schwermetalle und toxische Substanzen und hilft dem K\u00f6rper, sie auf nat\u00fcrliche Weise auszuscheiden. <\/p>\n<p data-start=\"868\" data-end=\"1198\">Die wirksamste Form, <em data-start=\"894\" data-end=\"910\">Klinoptilolith<\/em>, ist reich an Mineralien wie Calcium, Natrium, Kalium und Magnesium. In mikronisierter Form (&lt; 15 \u00b5m) erh\u00f6ht es die Absorptionsf\u00e4higkeit und Wirksamkeit noch weiter. Zeolith hat nicht nur eine entgiftende Wirkung, sondern tr\u00e4gt durch seine antioxidative Wirkung auch zum Schutz der Zellen bei.  <\/p>\n<p data-start=\"1200\" data-end=\"1217\">Methode der Anwendung:<\/p>\n<ul data-start=\"1218\" data-end=\"1423\">\n<li data-start=\"1218\" data-end=\"1284\">\n<p data-start=\"1220\" data-end=\"1284\"><strong data-start=\"1220\" data-end=\"1236\">Mundhygiene<\/strong>: 1-2 mal t\u00e4glich als Wassersp\u00fclung<\/p>\n<\/li>\n<li data-start=\"1285\" data-end=\"1350\">\n<p data-start=\"1287\" data-end=\"1350\"><strong data-start=\"1287\" data-end=\"1302\">Innerliche Anwendung<\/strong>: ca. 4 g t\u00e4glich (morgens auf n\u00fcchternen Magen und abends)<\/p>\n<\/li>\n<li data-start=\"1351\" data-end=\"1423\">\n<p data-start=\"1353\" data-end=\"1423\"><strong data-start=\"1353\" data-end=\"1368\">\u00c4u\u00dferliche Anwendung<\/strong>: als Hautmaske, ideal f\u00fcr fettige Haut<\/p>\n<\/li>\n<\/ul>\n<p data-start=\"1425\" data-end=\"1541\">Zeolith ist ein vielseitiges Naturheilmittel, das zum allgemeinen Wohlbefinden und zur Unterst\u00fctzung des K\u00f6rpers beitragen kann.<\/p>\n<p data-start=\"1543\" data-end=\"1625\">\u26a0\ufe0f Warnung: nicht geeignet f\u00fcr Personen, die Lithium oder andere Metalle enthaltende Medikamente einnehmen.<\/p>\n<\/div>\n<\/div>\n","protected":false},"excerpt":{"rendered":"<div>\n<ul>\n<li data-start=\"193\" data-end=\"238\">\n<p data-start=\"195\" data-end=\"238\">100% nat\u00fcrliches Zeolith (Klinoptilolith)<\/p>\n<\/li>\n<li data-start=\"239\" data-end=\"302\">\n<p data-start=\"241\" data-end=\"302\">Reinigt und entgiftet dank seiner Wabenstruktur<\/p>\n<\/li>\n<li data-start=\"303\" data-end=\"358\">\n<p data-start=\"305\" data-end=\"358\">F\u00e4ngt Schwermetalle und Toxine wie ein Magnet ein<\/p>\n<\/li>\n<li data-start=\"359\" data-end=\"435\">\n<p data-start=\"361\" data-end=\"435\">Antioxidativer Zellschutz und Unterst\u00fctzung des Immunsystems<\/p>\n<\/li>\n<li data-start=\"436\" data-end=\"491\">\n<p data-start=\"438\" data-end=\"491\">Vielseitig einsetzbar: Mundhygiene, innere und \u00e4u\u00dfere Anwendung<\/p>\n<\/li>\n<\/ul>\n<\/div>\n","protected":false},"featured_media":9023,"template":"","meta":{"_joinchat":[]},"product_brand":[135],"product_cat":[219,197,147],"product_tag":[],"class_list":{"0":"post-9123","1":"product","2":"type-product","3":"status-publish","4":"has-post-thumbnail","6":"product_brand-cosmolife-de","7":"product_cat-sparpakete","8":"product_cat-vitamine-1","9":"product_cat-zeolith","11":"first","12":"instock","13":"sale","14":"taxable","15":"shipping-taxable","16":"purchasable","17":"product-type-simple"},"_links":{"self":[{"href":"https:\/\/www.cosmolife.it\/de\/wp-json\/wp\/v2\/product\/9123","targetHints":{"allow":["GET"]}}],"collection":[{"href":"https:\/\/www.cosmolife.it\/de\/wp-json\/wp\/v2\/product"}],"about":[{"href":"https:\/\/www.cosmolife.it\/de\/wp-json\/wp\/v2\/types\/product"}],"wp:featuredmedia":[{"embeddable":true,"href":"https:\/\/www.cosmolife.it\/de\/wp-json\/wp\/v2\/media\/9023"}],"wp:attachment":[{"href":"https:\/\/www.cosmolife.it\/de\/wp-json\/wp\/v2\/media?parent=9123"}],"wp:term":[{"taxonomy":"product_brand","embeddable":true,"href":"https:\/\/www.cosmolife.it\/de\/wp-json\/wp\/v2\/product_brand?post=9123"},{"taxonomy":"product_cat","embeddable":true,"href":"https:\/\/www.cosmolife.it\/de\/wp-json\/wp\/v2\/product_cat?post=9123"},{"taxonomy":"product_tag","embeddable":true,"href":"https:\/\/www.cosmolife.it\/de\/wp-json\/wp\/v2\/product_tag?post=9123"}],"curies":[{"name":"wp","href":"https:\/\/api.w.org\/{rel}","templated":true}]}}