{"id":945,"date":"2025-05-26T16:11:00","date_gmt":"2025-05-26T16:11:00","guid":{"rendered":"https:\/\/cosmolife.it\/?product=sparangebot-7xkokosol-cosmolife-nf-500ml-1-gratis"},"modified":"2026-03-03T14:28:28","modified_gmt":"2026-03-03T12:28:28","slug":"sparangebot-7xkokosoel-cosmolife-nf-500ml-1-gratis","status":"publish","type":"product","link":"https:\/\/www.cosmolife.it\/de\/prodotto\/sparangebot-7xkokosoel-cosmolife-nf-500ml-1-gratis\/","title":{"rendered":"SAVING OFFER 7x Cosmolife Kokosnuss\u00f6l &#8222;NF&#8220; 500ml +1 gratis"},"content":{"rendered":"<div>\n<div>\n<h1 data-start=\"178\" data-end=\"263\">Hochwertiges Kokosnuss\u00f6l - rein, nicht desodoriert und angereichert mit Natural Frequency<\/h1>\n<p data-start=\"265\" data-end=\"614\">Entdecken Sie ein einzigartiges Produkt, das <strong data-start=\"301\" data-end=\"344\">Reinheit, Energie und t\u00e4gliches Wohlbefinden<\/strong> vereint. Unser <strong data-start=\"356\" data-end=\"373\">Kokosnuss\u00f6l<\/strong> ist <strong data-start=\"376\" data-end=\"393\">nicht desodoriert<\/strong>, so dass es sein nat\u00fcrliches Aroma und alle seine urspr\u00fcnglichen wohltuenden Eigenschaften beh\u00e4lt. Jeder Tropfen wird schonend verarbeitet, so dass die N\u00e4hr- und Wirkstoffe erhalten bleiben, um Ihnen die h\u00f6chste Qualit\u00e4t zu bieten.  <\/p>\n<p data-start=\"616\" data-end=\"755\">Dank seiner Zusammensetzung ist dieses \u00d6l ein wahrer Verb\u00fcndeter f\u00fcr alle, die ihre Vitalit\u00e4t, ihren Stoffwechsel und ihre allgemeine Gesundheit verbessern m\u00f6chten:<\/p>\n<ul data-start=\"756\" data-end=\"1346\">\n<li data-start=\"756\" data-end=\"856\">\n<p data-start=\"758\" data-end=\"856\"><strong data-start=\"758\" data-end=\"780\">Erh\u00f6hte Energie<\/strong>: unterst\u00fctzt den K\u00f6rper bei den t\u00e4glichen Aktivit\u00e4ten und verleiht Kraft und Ausdauer.<\/p>\n<\/li>\n<li data-start=\"857\" data-end=\"953\">\n<p data-start=\"859\" data-end=\"953\"><strong data-start=\"859\" data-end=\"891\">F\u00f6rdert die Gewichtsabnahme<\/strong>: regt den Stoffwechsel an und hilft, das Hungergef\u00fchl zu reduzieren.<\/p>\n<\/li>\n<li data-start=\"954\" data-end=\"1076\">\n<p data-start=\"956\" data-end=\"1076\"><strong data-start=\"956\" data-end=\"1008\">Nat\u00fcrliche Unterst\u00fctzung gegen Bakterien, Viren und Pilze<\/strong>: st\u00e4rkt das Immunsystem und h\u00e4lt den K\u00f6rper gesch\u00fctzt.<\/p>\n<\/li>\n<li data-start=\"1077\" data-end=\"1179\">\n<p data-start=\"1079\" data-end=\"1179\"><strong data-start=\"1079\" data-end=\"1116\">Unterst\u00fctzung der Gehirnfunktion<\/strong>: tr\u00e4gt zu Ged\u00e4chtnis, Konzentration und geistiger Klarheit bei.<\/p>\n<\/li>\n<li data-start=\"1180\" data-end=\"1346\">\n<p data-start=\"1182\" data-end=\"1346\"><strong data-start=\"1182\" data-end=\"1217\">Informiert mit Natural Frequency<\/strong>: eine innovative Technologie, die das Energiepotenzial verst\u00e4rkt und das Produkt mit den nat\u00fcrlichen Frequenzen des K\u00f6rpers harmonisiert.<\/p>\n<\/li>\n<\/ul>\n<p data-start=\"1348\" data-end=\"1598\">Unser <strong data-start=\"1358\" data-end=\"1411\">geruchsneutrales Kokosnuss\u00f6l mit Natural Frequency<\/strong> ist nicht nur ein Nahrungserg\u00e4nzungsmittel, sondern ein echtes <strong data-start=\"1451\" data-end=\"1487\">ganzheitliches Wellness-Erlebnis<\/strong>. Es begleitet Sie in Ihrem t\u00e4glichen Leben und bietet Ihnen auf nat\u00fcrliche und nachhaltige Weise Energie, Gleichgewicht und Schutz. <\/p>\n<p data-start=\"1600\" data-end=\"1717\">\ud83c\udf1f Entscheiden Sie sich f\u00fcr unser Kokosnuss\u00f6l und entdecken Sie die Freude daran, sich aktiv, leicht und fit zu f\u00fchlen - jeden Tag!<\/p>\n<p data-start=\"1719\" data-end=\"1858\"><strong data-start=\"1719\" data-end=\"1742\">Weitere Informationen:<\/strong><br data-start=\"1742\" data-end=\"1745\">100 % reines, natives, kaltgepresstes Kokosnuss\u00f6l, reich an Laurins\u00e4ure, nicht desodoriert, cholesterinfrei.<\/p>\n<\/div>\n<\/div>\n","protected":false},"excerpt":{"rendered":"<div>\n<p><b>Die wichtigsten Funktionen:<\/b><\/p>\n<ul>\n<li>nicht desodoriert<\/li>\n<li>Steigerung der Energie<\/li>\n<li>f\u00f6rdert die Gewichtsabnahme und reduziert das Hungergef\u00fchl<\/li>\n<li>kann Bakterien, Viren und Pilze beseitigen<\/li>\n<li>kann die Gehirnfunktionen erhalten<\/li>\n<li>informiert mit Eigenfrequenz<\/li>\n<li>7 +1 frei<\/li>\n<\/ul>\n<\/div>\n","protected":false},"featured_media":8985,"template":"","meta":{"_joinchat":[]},"product_brand":[135],"product_cat":[149,225,223,219],"product_tag":[],"class_list":{"0":"post-945","1":"product","2":"type-product","3":"status-publish","4":"has-post-thumbnail","6":"product_brand-cosmolife-de","7":"product_cat-kokosoel-cocowell","8":"product_cat-kokosoel-1","9":"product_cat-kokosoel","10":"product_cat-sparpakete","12":"first","13":"instock","14":"sale","15":"taxable","16":"shipping-taxable","17":"purchasable","18":"product-type-simple"},"_links":{"self":[{"href":"https:\/\/www.cosmolife.it\/de\/wp-json\/wp\/v2\/product\/945","targetHints":{"allow":["GET"]}}],"collection":[{"href":"https:\/\/www.cosmolife.it\/de\/wp-json\/wp\/v2\/product"}],"about":[{"href":"https:\/\/www.cosmolife.it\/de\/wp-json\/wp\/v2\/types\/product"}],"wp:featuredmedia":[{"embeddable":true,"href":"https:\/\/www.cosmolife.it\/de\/wp-json\/wp\/v2\/media\/8985"}],"wp:attachment":[{"href":"https:\/\/www.cosmolife.it\/de\/wp-json\/wp\/v2\/media?parent=945"}],"wp:term":[{"taxonomy":"product_brand","embeddable":true,"href":"https:\/\/www.cosmolife.it\/de\/wp-json\/wp\/v2\/product_brand?post=945"},{"taxonomy":"product_cat","embeddable":true,"href":"https:\/\/www.cosmolife.it\/de\/wp-json\/wp\/v2\/product_cat?post=945"},{"taxonomy":"product_tag","embeddable":true,"href":"https:\/\/www.cosmolife.it\/de\/wp-json\/wp\/v2\/product_tag?post=945"}],"curies":[{"name":"wp","href":"https:\/\/api.w.org\/{rel}","templated":true}]}}