{"id":953,"date":"2025-08-04T15:02:18","date_gmt":"2025-08-04T15:02:18","guid":{"rendered":"https:\/\/cosmolife.it\/?product=waveguard%c2%ae-chip-fur-kindersmartwatches"},"modified":"2026-01-20T01:34:34","modified_gmt":"2026-01-19T23:34:34","slug":"waveguard-chip-fuer-kindersmartwatches","status":"publish","type":"product","link":"https:\/\/www.cosmolife.it\/de\/prodotto\/waveguard-chip-fuer-kindersmartwatches\/","title":{"rendered":"WaveGuard\u00ae Chip f\u00fcr Smartwatch f\u00fcr Kinder"},"content":{"rendered":"<div id=\"description\" class=\"tab-pane active in\">\n<div class=\"rte\">\n<h3>Warum ist eine Energieversorgung gegen Strahlung sinnvoll?<\/h3>\n<p>Die Smartwatches von Kindern werden viele Stunden am Tag in engem Kontakt mit dem K\u00f6rper getragen. So sind Kinder st\u00e4ndig den elektromagnetischen Feldern von Mobilger\u00e4ten ausgesetzt. Der <strong>WaveGuard\u00ae Chip<\/strong> bietet eine <strong>subtile Energieunterst\u00fctzung<\/strong>, die hilft, <strong>den Einfluss hochfrequenter Strahlung zu harmonisieren<\/strong> und das nat\u00fcrliche Gleichgewicht des K\u00f6rpers zu unterst\u00fctzen.  <\/p>\n<hr>\n<h3>Wie funktioniert der WaveGuard\u00ae Chip?<\/h3>\n<p>Der Chip enth\u00e4lt eine <strong>Quanteninformationsstruktur<\/strong>, die auf einer subtilen Ebene wirkt. Er soll verhindern, dass <strong>Blutpl\u00e4ttchen mit elektromagnetischen Feldern in Resonanz gehen<\/strong>.<br \/>\nSeine Wirkung erfordert weder Strom noch Batterien oder elektronische Verbindungen.<br \/>\n\u27a1   <strong>Keine Wartung. Kein Verfallsdatum. Kontinuierliche Aktion im Laufe der Zeit.  <\/strong><\/p>\n<hr>\n<h3>Anwendung - einfach und diskret<\/h3>\n<ul>\n<li><strong>Anwendung<\/strong>: Entfernen Sie die Folie und kleben Sie den Chip auf die R\u00fcckseite der Smartwatch.<\/li>\n<li><strong>Kompatibilit\u00e4t<\/strong>: <strong>Nur f\u00fcr Smartwatches f\u00fcr Kinder ohne Herzsensor<\/strong> geeignet<\/li>\n<li><strong>Diskret und leicht<\/strong>: St\u00f6rt nicht im t\u00e4glichen Gebrauch<\/li>\n<li><strong>Keine Interferenzen<\/strong> mit Bluetooth oder dem Mobilfunknetz<\/li>\n<\/ul>\n<hr>\n<p>Ohne Elektronik, Batterien oder Chemikalien<br \/>\nLang anhaltende, stabile Wirkung<br \/>\nIdeal f\u00fcr den t\u00e4glichen, kontinuierlichen und sicheren Gebrauch<\/p>\n<\/div>\n<\/div>\n","protected":false},"excerpt":{"rendered":"<div class=\"short_description_block\">\u2714 Energieunterst\u00fctzung gegen die Belastung durch Hochfrequenzstrahlung (4G und 5G)<br \/>\n\u2714 Einfach und effektiv: wird auf der R\u00fcckseite angebracht - keine App oder Technologie erforderlich<br \/>\n\u2714 Dauerhafte Wirkung: kein Verfallsdatum dank Quantenformel<br \/>\n\u2714 Speziell f\u00fcr Kinder-Smartwatches ohne Pulssensor entwickelt<br \/>\n\u2714 Frequenzharmonisierung<\/div>\n","protected":false},"featured_media":8975,"template":"","meta":{"_joinchat":[]},"product_brand":[135],"product_cat":[145],"product_tag":[],"class_list":{"0":"post-953","1":"product","2":"type-product","3":"status-publish","4":"has-post-thumbnail","6":"product_brand-cosmolife-de","7":"product_cat-bioenergetik","9":"first","10":"instock","11":"sale","12":"taxable","13":"shipping-taxable","14":"purchasable","15":"product-type-simple"},"_links":{"self":[{"href":"https:\/\/www.cosmolife.it\/de\/wp-json\/wp\/v2\/product\/953","targetHints":{"allow":["GET"]}}],"collection":[{"href":"https:\/\/www.cosmolife.it\/de\/wp-json\/wp\/v2\/product"}],"about":[{"href":"https:\/\/www.cosmolife.it\/de\/wp-json\/wp\/v2\/types\/product"}],"wp:featuredmedia":[{"embeddable":true,"href":"https:\/\/www.cosmolife.it\/de\/wp-json\/wp\/v2\/media\/8975"}],"wp:attachment":[{"href":"https:\/\/www.cosmolife.it\/de\/wp-json\/wp\/v2\/media?parent=953"}],"wp:term":[{"taxonomy":"product_brand","embeddable":true,"href":"https:\/\/www.cosmolife.it\/de\/wp-json\/wp\/v2\/product_brand?post=953"},{"taxonomy":"product_cat","embeddable":true,"href":"https:\/\/www.cosmolife.it\/de\/wp-json\/wp\/v2\/product_cat?post=953"},{"taxonomy":"product_tag","embeddable":true,"href":"https:\/\/www.cosmolife.it\/de\/wp-json\/wp\/v2\/product_tag?post=953"}],"curies":[{"name":"wp","href":"https:\/\/api.w.org\/{rel}","templated":true}]}}